{"id":4161,"date":"2016-10-25T09:33:49","date_gmt":"2016-10-25T09:33:49","guid":{"rendered":"http:\/\/beta.unitedthemes.com\/brooklyn-relaunch\/?page_id=4161"},"modified":"2024-01-25T17:15:43","modified_gmt":"2024-01-25T16:15:43","slug":"front-page","status":"publish","type":"page","link":"https:\/\/www.dilliesvideo.com\/","title":{"rendered":"Front Page"},"content":{"rendered":"<p>[vc_row full_width=\u00a0\u00bbstretch_row_content\u00a0\u00bb bklyn_section_anchor=\u00a0\u00bbtrue\u00a0\u00bb css=\u00a0\u00bb.vc_custom_1477932937851{margin-bottom: 0px !important;padding-top: 120px !important;padding-bottom: 0px !important;background-color: #090909 !important;}\u00a0\u00bb bklyn_section_anchor_id=\u00a0\u00bbAbout Brooklyn\u00a0\u00bb][vc_column css=\u00a0\u00bb.vc_custom_1477390682192{padding-top: 0px !important;}\u00a0\u00bb][vc_row_inner css=\u00a0\u00bb.vc_custom_1477586581339{padding-top: 0px !important;}\u00a0\u00bb][vc_column_inner css=\u00a0\u00bb.vc_custom_1477586586610{padding-top: 0px !important;}\u00a0\u00bb]<div class=\"wpb_content_element  vc_custom_1674486703228\"><style type=\"text\/css\">#ut_header_69f28717b1f16 h2.section-title, #ut_header_69f28717b1f16 h2.section-title span { color:#ffffff; }#ut_header_69f28717b1f16 h2.section-title { font-size:60px !important; }#ut_header_69f28717b1f16 .lead ins { color:#ffffff; }#ut_header_69f28717b1f16 .lead ins { font-weight:normal; }#ut_header_69f28717b1f16.pt-style-2 .page-title span:after, #ut_header_69f28717b1f16.pt-style-2 .parallax-title span:after, #ut_header_69f28717b1f16.pt-style-2 .section-title span:after { background-color:#ffffff !important;}<\/style><header id=\"ut_header_69f28717b1f16\" class=\"section-header  ut-no-title-linebreak-mobile ut-no-title-linebreak-tablet ut-no-lead-linebreak-mobile pt-style-2 header-center header-tablet-center header-mobile-center\"><h2 data-title=\"depuis 25 ans\"  data-responsive-font=\"section_title\" data-responsive-font-settings=\"{&quot;base-font-size&quot;:&quot;60&quot;,&quot;font-size&quot;:{&quot;desktop_large&quot;:&quot;60&quot;},&quot;base-line-height&quot;:&quot;global&quot;,&quot;base-letter-spacing&quot;:&quot;global&quot;}\" class=\"section-title  \"><span>depuis 25 ans<\/span><\/h2><div data-delay=\"0\" class=\"lead \"><p>Nous cr\u00e9ons <ins>des films et des photos.<\/ins><br \/>\nPour votre communication interne, vos sites web, r\u00e9seaux sociaux, publications papiers&#8230;<\/p>\n<\/div><\/header><\/div>[\/vc_column_inner][\/vc_row_inner][vc_row_inner][vc_column_inner delay=\u00a0\u00bbtrue\u00a0\u00bb effect=\u00a0\u00bbfadeInLeft\u00a0\u00bb delay_timer=\u00a0\u00bb200&Prime;]<div class=\"wpb_content_element \"><style type=\"text\/css\">#ut_sc_69f28717bccf2 .ut-service-icon.ut-service-icon-round { background: #0a0a0a; }#ut_sc_69f28717bccf2 .ut-service-icon.ut-service-icon-square { background: #0a0a0a; }#ut_sc_69f28717bccf2 .ut-service-icon.ut-service-icon-rounded { background: #0a0a0a; }#ut_sc_69f28717bccf2 .ut-service-column h1 { color: #e5e5e5; }#ut_sc_69f28717bccf2 .ut-service-column.ut-service-column-horiz h1 { font-size:30px !important; }#ut_sc_69f28717bccf2 .ut-service-column.ut-service-column-horiz p { font-size:22px !important; }#ut_sc_69f28717bccf2 .ut-service-column p { color: #dbdbdb; }#ut_sc_69f28717bccf2 .ut-service-column a.ut-service-column-link { font-size: 12px; }#ut-svg-69f28717bccf3 { display:none; }#ut-svg-69f28717bccf3.ut-svg-loaded { display:block; }#ut-svg-69f28717bccf3 path { stroke:#ff6e00; }<\/style><div id=\"ut_sc_69f28717bccf2\"  class=\"ut-horizontal-style ut-horizontal-style-align-left  clearfix \" ><figure class=\"ut-service-icon  ut-service-icon-rounded ut-service-icon-large\"><i style=\"color: #ffffff;\" class=\"fa fa fa-film\"><\/i><\/figure><div class=\"ut-service-column ut-service-column-horiz\"><h1 data-responsive-font=\"h1\" data-responsive-font-settings=\"{&quot;base-font-size&quot;:&quot;global&quot;,&quot;font-size&quot;:{&quot;desktop_large&quot;:&quot;30&quot;},&quot;base-line-height&quot;:&quot;global&quot;,&quot;base-letter-spacing&quot;:&quot;global&quot;}\">VIDEO<\/h1><p class=\"element-with-custom-line-height\" data-responsive-font=\"p\" data-responsive-font-settings=\"{&quot;base-font-size&quot;:&quot;22&quot;,&quot;font-size&quot;:{&quot;desktop_large&quot;:&quot;22&quot;},&quot;base-line-height&quot;:&quot;global&quot;,&quot;base-letter-spacing&quot;:&quot;global&quot;}\">* Reportages vid\u00e9o (sur vos activit\u00e9s, vos \u00e9v\u00e8nements, capsules internet, interviews, formation, making-off, clip vid\u00e9o musical, lip dub, \u2026)<\/p>\n<p>* Multi cam\u00e9ra : captation, stream live, enregistrement de directs\u2026<\/p>\n<p>* Documentaire d\u2019entreprise ou t\u00e9l\u00e9vision<\/p>\n<p>* Banque d\u2019images : nous poss\u00e9dons plus de 3000 images vid\u00e9o de nature, grands espaces et villes. En location pour animer votre mur d\u2019image, affichage dynamique\u2026<\/p><\/div><\/div><\/div><div class=\"wpb_content_element \"><style type=\"text\/css\">#ut_fancy_link_69f28717cb7ff a { font-family: Arial, Helvetica, sans-serif; }#ut_fancy_link_69f28717cb7ff a { text-transform:capitalize; }#ut_fancy_link_69f28717cb7ff a { color: #e02121 }#ut_fancy_link_69f28717cb7ff a:hover { color: #dd3333 }#ut_fancy_link_69f28717cb7ff a::before { background: #ffffff }#ut_fancy_link_69f28717cb7ff a::after { background: #ffffff }#ut_fancy_link_69f28717cb7ff a:hover::before { background: #ffffff }#ut_fancy_link_69f28717cb7ff a:hover::after { background: #ffffff }<\/style><span id=\"ut_fancy_link_69f28717cb7ff\" class=\"cta-btn cl-effect-18 \"><a  class=\"cl-effect-18 \" title=\"nos vid\u00e9os\" target=\" _blank\" href=\"https:\/\/vimeo.com\/showcase\/7762059\" >VOIR NOS VIDEOS<\/a><\/span><\/div><div class=\"wpb_content_element \"><style type=\"text\/css\">#ut_sc_69f28717cb860 .ut-service-icon.ut-service-icon-round { background: #151515; }#ut_sc_69f28717cb860 .ut-service-icon.ut-service-icon-square { background: #151515; }#ut_sc_69f28717cb860 .ut-service-icon.ut-service-icon-rounded { background: #151515; }#ut_sc_69f28717cb860 .ut-service-column h1 { color: #e5e5e5; }#ut_sc_69f28717cb860 .ut-service-column.ut-service-column-horiz h1 { font-size:30px !important; }#ut_sc_69f28717cb860 .ut-service-column.ut-service-column-horiz p { font-size:22px !important; }#ut_sc_69f28717cb860 .ut-service-column p { color: #cecece; }#ut_sc_69f28717cb860 .ut-service-column a.ut-service-column-link { font-weight: normal; }#ut_sc_69f28717cb860 .ut-service-column a.ut-service-column-link { font-size: 14px; }#ut_sc_69f28717cb860 .ut-service-column a.ut-service-column-link { letter-spacing: 0.12em; }#ut-svg-69f28717cb861 { display:none; }#ut-svg-69f28717cb861.ut-svg-loaded { display:block; }#ut-svg-69f28717cb861 path { stroke:#ff6e00; }<\/style><div id=\"ut_sc_69f28717cb860\"  class=\"ut-horizontal-style ut-horizontal-style-align-left  clearfix \" ><figure class=\"ut-service-icon  ut-service-icon-round ut-service-icon-large\"><i style=\"color: #ffffff;\" class=\"fa fa fa-camera\"><\/i><\/figure><div class=\"ut-service-column ut-service-column-horiz\"><h1 data-responsive-font=\"h1\" data-responsive-font-settings=\"{&quot;base-font-size&quot;:&quot;global&quot;,&quot;font-size&quot;:{&quot;desktop_large&quot;:&quot;30&quot;},&quot;base-line-height&quot;:&quot;global&quot;,&quot;base-letter-spacing&quot;:&quot;global&quot;}\">PHOTO<\/h1><p class=\"element-with-custom-line-height\" data-responsive-font=\"p\" data-responsive-font-settings=\"{&quot;base-font-size&quot;:&quot;22&quot;,&quot;font-size&quot;:{&quot;desktop_large&quot;:&quot;22&quot;},&quot;base-line-height&quot;:&quot;global&quot;,&quot;base-letter-spacing&quot;:&quot;global&quot;}\">* Reportage (avec cession de droits)<br \/>\nLivraison rapide (h+2) pour poster sur vos r\u00e9seaux sociaux.<\/p>\n<p>* Suivi de chantier, architecture.<\/p>\n<p>* Portraits de collaborateurs en studio ou chez vous&#8230;<\/p>\n<p>* Animation photo call (avec impression de photos sur place)<\/p><\/div><\/div><\/div><div class=\"wpb_content_element \"><style type=\"text\/css\">#ut_fancy_link_69f28717da4f2 a { font-family: Arial, Helvetica, sans-serif; }#ut_fancy_link_69f28717da4f2 a { text-transform:capitalize; }#ut_fancy_link_69f28717da4f2 a { color: #e02121 }#ut_fancy_link_69f28717da4f2 a:hover { color: #dd3333 }#ut_fancy_link_69f28717da4f2 a::before { background: #ffffff }#ut_fancy_link_69f28717da4f2 a::after { background: #ffffff }#ut_fancy_link_69f28717da4f2 a:hover::before { background: #ffffff }#ut_fancy_link_69f28717da4f2 a:hover::after { background: #ffffff }<\/style><span id=\"ut_fancy_link_69f28717da4f2\" class=\"cta-btn cl-effect-18 \"><a  class=\"cl-effect-18 \" title=\"Exemple de photos\" target=\" _blank\" href=\"https:\/\/photos.app.goo.gl\/HNmBXWaNvGBgAnva6\" >VOIR NOS PHOTOS<\/a><\/span><\/div><div class=\"wpb_content_element \"><style type=\"text\/css\">#ut_sc_69f28717da542 .ut-service-icon.ut-service-icon-round { background: #151515; }#ut_sc_69f28717da542 .ut-service-icon.ut-service-icon-square { background: #151515; }#ut_sc_69f28717da542 .ut-service-icon.ut-service-icon-rounded { background: #151515; }#ut_sc_69f28717da542 .ut-service-column h1 { color: #e5e5e5; }#ut_sc_69f28717da542 .ut-service-column.ut-service-column-horiz h1 { font-size:30px !important; }#ut_sc_69f28717da542 .ut-service-column.ut-service-column-horiz p { font-size:22px !important; }#ut_sc_69f28717da542 .ut-service-column p { color: #cecece; }#ut_sc_69f28717da542 .ut-service-column a.ut-service-column-link { font-weight: normal; }#ut_sc_69f28717da542 .ut-service-column a.ut-service-column-link { font-size: 14px; }#ut_sc_69f28717da542 .ut-service-column a.ut-service-column-link { letter-spacing: 0.12em; }#ut-svg-69f28717da543 { display:none; }#ut-svg-69f28717da543.ut-svg-loaded { display:block; }#ut-svg-69f28717da543 path { stroke:#ff6e00; }<\/style><div id=\"ut_sc_69f28717da542\"  class=\"ut-horizontal-style ut-horizontal-style-align-left  clearfix \" ><figure class=\"ut-service-icon  ut-service-icon-round ut-service-icon-large\"><i style=\"color: #ffffff;\" class=\"fa fa fa-camera\"><\/i><\/figure><div class=\"ut-service-column ut-service-column-horiz\"><h1 data-responsive-font=\"h1\" data-responsive-font-settings=\"{&quot;base-font-size&quot;:&quot;global&quot;,&quot;font-size&quot;:{&quot;desktop_large&quot;:&quot;30&quot;},&quot;base-line-height&quot;:&quot;global&quot;,&quot;base-letter-spacing&quot;:&quot;global&quot;}\">MUSIQUE<\/h1><p class=\"element-with-custom-line-height\" data-responsive-font=\"p\" data-responsive-font-settings=\"{&quot;base-font-size&quot;:&quot;22&quot;,&quot;font-size&quot;:{&quot;desktop_large&quot;:&quot;22&quot;},&quot;base-line-height&quot;:&quot;global&quot;,&quot;base-letter-spacing&quot;:&quot;global&quot;}\">* Chorales \u00e9ph\u00e9m\u00e8re pour vos \u00e9quipes, pour vos \u00e9v\u00e8nements ou team building<\/p>\n<p>* Groupe de musique pour vos \u00e9v\u00e8nements<\/p>\n<p>* Prestation son et \u00e9clairage<\/p><\/div><\/div><\/div><div class=\"wpb_content_element \"><style type=\"text\/css\">#ut_fancy_link_69f28717e7966 a { font-family: Arial, Helvetica, sans-serif; }#ut_fancy_link_69f28717e7966 a { text-transform:capitalize; }#ut_fancy_link_69f28717e7966 a { color: #e02121 }#ut_fancy_link_69f28717e7966 a:hover { color: #dd3333 }#ut_fancy_link_69f28717e7966 a::before { background: #ffffff }#ut_fancy_link_69f28717e7966 a::after { background: #ffffff }#ut_fancy_link_69f28717e7966 a:hover::before { background: #ffffff }#ut_fancy_link_69f28717e7966 a:hover::after { background: #ffffff }<\/style><span id=\"ut_fancy_link_69f28717e7966\" class=\"cta-btn cl-effect-18 \"><a  class=\"cl-effect-18 \" title=\"Exemple de chorale\" target=\" _blank\" href=\"https:\/\/tralalyon.odoo.com\/\" >VOIR NOS CHORALES<\/a><\/span><\/div>[\/vc_column_inner][\/vc_row_inner]<style type=\"text\/css\">#ut_si_69f28717e79a7.ut-skewed-image-border-separated .ut-skewed-image-border-slice { border-color: #000000; border-width: 7px }<\/style><div id=\"ut_si_69f28717e79a7\" class=\"ut-skewed-image-border  ut-skewed-image-border-separated\"><div class=\"ut-skewed-image-border-slice\"><img decoding=\"async\" class=\"ut-lazy\" src=\"data:image\/svg+xml;charset=utf-8,%3Csvg xmlns%3D'http%3A%2F%2Fwww.w3.org%2F2000%2Fsvg' viewBox%3D'0 0 1600 900'%2F%3E\" data-src=\"https:\/\/www.dilliesvideo.com\/wp-content\/uploads\/2023\/03\/20211012_112418-reportage-photo-rotated-1600x900.jpg\"><\/div><div class=\"ut-skewed-image-border-slice\"><img decoding=\"async\" class=\"ut-lazy\" src=\"data:image\/svg+xml;charset=utf-8,%3Csvg xmlns%3D'http%3A%2F%2Fwww.w3.org%2F2000%2Fsvg' viewBox%3D'0 0 1600 900'%2F%3E\" data-src=\"https:\/\/www.dilliesvideo.com\/wp-content\/uploads\/2024\/01\/selfie-Renato-avec-logo-1600x900.jpg\"><\/div><div class=\"ut-skewed-image-border-slice\"><img decoding=\"async\" class=\"ut-lazy\" src=\"data:image\/svg+xml;charset=utf-8,%3Csvg xmlns%3D'http%3A%2F%2Fwww.w3.org%2F2000%2Fsvg' viewBox%3D'0 0 1600 900'%2F%3E\" data-src=\"https:\/\/www.dilliesvideo.com\/wp-content\/uploads\/2022\/03\/Equipe-video-the-talents_web-1600x900.jpg\"><\/div><\/div><style type=\"text\/css\">#ut_si_69f28717e93a0.ut-skewed-image-border-separated .ut-skewed-image-border-slice { border-color: #000000; border-width: 7px }<\/style><div id=\"ut_si_69f28717e93a0\" class=\"ut-skewed-image-border  ut-skewed-image-border-separated\"><div class=\"ut-skewed-image-border-slice\"><img decoding=\"async\" class=\"ut-lazy\" src=\"data:image\/svg+xml;charset=utf-8,%3Csvg xmlns%3D'http%3A%2F%2Fwww.w3.org%2F2000%2Fsvg' viewBox%3D'0 0 1600 900'%2F%3E\" data-src=\"https:\/\/www.dilliesvideo.com\/wp-content\/uploads\/2023\/01\/TraLaLyon\u00a9tekoaphotos-3_3000PX-1600x900.jpg\"><\/div><div class=\"ut-skewed-image-border-slice\"><img decoding=\"async\" class=\"ut-lazy\" src=\"data:image\/svg+xml;charset=utf-8,%3Csvg xmlns%3D'http%3A%2F%2Fwww.w3.org%2F2000%2Fsvg' viewBox%3D'0 0 1600 900'%2F%3E\" data-src=\"https:\/\/www.dilliesvideo.com\/wp-content\/uploads\/2022\/03\/reportage-video_web-1600x900.jpg\"><\/div><div class=\"ut-skewed-image-border-slice\"><img decoding=\"async\" class=\"ut-lazy\" src=\"data:image\/svg+xml;charset=utf-8,%3Csvg xmlns%3D'http%3A%2F%2Fwww.w3.org%2F2000%2Fsvg' viewBox%3D'0 0 1600 900'%2F%3E\" data-src=\"https:\/\/www.dilliesvideo.com\/wp-content\/uploads\/2022\/03\/tournage-fond-vert_web-1600x900.jpg\"><\/div><\/div><style type=\"text\/css\">#ut_si_69f28717ea72f.ut-skewed-image-border-separated .ut-skewed-image-border-slice { border-color: #000000; border-width: 7px }<\/style><div id=\"ut_si_69f28717ea72f\" class=\"ut-skewed-image-border  ut-skewed-image-border-separated\"><div class=\"ut-skewed-image-border-slice\"><img decoding=\"async\" class=\"ut-lazy\" src=\"data:image\/svg+xml;charset=utf-8,%3Csvg xmlns%3D'http%3A%2F%2Fwww.w3.org%2F2000%2Fsvg' viewBox%3D'0 0 1600 900'%2F%3E\" data-src=\"https:\/\/www.dilliesvideo.com\/wp-content\/uploads\/2022\/03\/tournage-studio_web-1600x900.jpg\"><\/div><div class=\"ut-skewed-image-border-slice\"><img decoding=\"async\" class=\"ut-lazy\" src=\"data:image\/svg+xml;charset=utf-8,%3Csvg xmlns%3D'http%3A%2F%2Fwww.w3.org%2F2000%2Fsvg' viewBox%3D'0 0 1600 900'%2F%3E\" data-src=\"https:\/\/www.dilliesvideo.com\/wp-content\/uploads\/2022\/03\/WhatsApp-Image-2022-03-03-at-21.04.54-1-1600x900.jpeg\"><\/div><\/div><div class=\"wpb_content_element  vc_custom_1706192974886\"><style type=\"text\/css\">#ut_scv_69f28717ec673 .ut-service-icon i { color: #ff6e00; }#ut_scv_69f28717ec673 .ut-service-column.ut-vertical h1 { color: rgba(255,255,255,0.81); }#ut_scv_69f28717ec673 .ut-service-column.ut-vertical h1 { font-size:50px !important; }#ut_scv_69f28717ec673 .ut-service-column.ut-vertical p { font-size:22px !important;line-height:30px !important; }#ut_scv_69f28717ec673 .ut-service-column.ut-vertical h1 { font-weight:bold; }#ut_scv_69f28717ec673 .ut-service-column.ut-vertical p { color: rgba(255,255,255,0.75); }#ut_scv_69f28717ec673 .ut-service-column.ut-vertical a.ut-service-column-vertical-link { font-size: 12px; }<\/style><div id=\"ut_scv_69f28717ec673\" class=\" clearfix  ut-vertical-style ut-vertical-style-align-center\" ><figure data-effect=\"pulse\" data-animateonce=\"yes\" data-delay=\"0\" class=\"ut-service-icon ut-service-icon-normal ut-service-icon-large ut-animate-element animated ut-no-animation-tablet ut-no-animation-mobile\"><i class=\"fa fa fa-handshake-o\"><\/i><\/figure><div class=\"ut-service-column ut-vertical\"><p class=\"element-with-custom-line-height\" data-responsive-font=\"p\" data-responsive-font-settings=\"{&quot;base-font-size&quot;:&quot;22&quot;,&quot;font-size&quot;:{&quot;desktop_large&quot;:&quot;22&quot;},&quot;base-line-height&quot;:&quot;30&quot;,&quot;line-height-unit&quot;:&quot;px&quot;,&quot;line-height&quot;:{&quot;desktop_large&quot;:&quot;30&quot;},&quot;base-letter-spacing&quot;:&quot;global&quot;}\">FORMATION &amp;<br \/>\nACCOMPAGNEMENT VIDEO \/ PHOTO :<\/p>\n<p>Pour r\u00e9aliser en autonomie vos productions vid\u00e9os, nous vous apprenons les bases du tournage et du montage d&rsquo;un film (m\u00eame avec votre smartphone !).<br \/>\nNous vous accompagnons dans le choix du mat\u00e9riel \u00e0 acheter, \u00e0 l&rsquo;installation d&rsquo;une r\u00e9gie multi cam\u00e9ra&#8230; et bien d&rsquo;autres encore.<br \/>\nN&rsquo;h\u00e9sitez pas \u00e0 nous parler de vos projets !<\/p><\/div><\/div><\/div>[\/vc_column][\/vc_row][vc_row bklyn_section_anchor=\u00a0\u00bbtrue\u00a0\u00bb css=\u00a0\u00bb.vc_custom_1477960456411{padding-top: 120px !important;padding-bottom: 80px !important;background-color: #090909 !important;}\u00a0\u00bb bklyn_section_anchor_id=\u00a0\u00bbClients\u00a0\u00bb][vc_column css=\u00a0\u00bb.vc_custom_1477491736456{padding-top: 0px !important;}\u00a0\u00bb]<div class=\"wpb_content_element  vc_custom_1646778150199\"><style type=\"text\/css\">#ut_header_69f2871804b45 h2.section-title, #ut_header_69f2871804b45 h2.section-title span { color:#ffffff; }#ut_header_69f2871804b45 h2.section-title { font-size:50px !important; }#ut_header_69f2871804b45 .lead ins { color:#ffffff; }#ut_header_69f2871804b45 .lead ins { font-weight:normal; }#ut_header_69f2871804b45.pt-style-2 .page-title span:after, #ut_header_69f2871804b45.pt-style-2 .parallax-title span:after, #ut_header_69f2871804b45.pt-style-2 .section-title span:after { background-color:#ffffff !important;}<\/style><header id=\"ut_header_69f2871804b45\" class=\"section-header  ut-no-title-linebreak-mobile ut-no-lead-linebreak-mobile pt-style-2 header-center header-tablet-center header-mobile-center\"><h2 data-title=\"Nos Clients\"  data-responsive-font=\"section_title\" data-responsive-font-settings=\"{&quot;base-font-size&quot;:&quot;global&quot;,&quot;font-size&quot;:{&quot;desktop_large&quot;:&quot;50&quot;},&quot;base-line-height&quot;:&quot;global&quot;,&quot;base-letter-spacing&quot;:&quot;global&quot;}\" class=\"section-title  \"><span>Nos Clients<\/span><\/h2><\/header><\/div><div  class=\"wpb_content_element   clearfix\"><style type=\"text\/css\">#ut_am_69f287180f002 { opacity: 1; }#ut_am_wrap_69f287180f003 .ut-image-gallery-item-caption-title h3 { letter-spacing: 0em; }#ut_am_wrap_69f287180f003 .ut-gallery-slider-caption { font-weight: bold; }#ut_am_wrap_69f287180f003 { text-align: center; }@media (min-width: 768px) and (max-width: 1024px) { #ut_am_wrap_69f287180f003 { text-align: center !important; } }@media (max-width: 767px) { #ut_am_wrap_69f287180f003 { text-align: center !important; } }<\/style><div id=\"ut_am_wrap_69f287180f003\" class=\"ut-image-gallery-image \"><div id=\"ut_reveal_69f287180f004\"  data-appear-top-offset=\"auto\" class=\"ut-animated-image-item ut-image-gallery-item ut-animation-done \"><a class=\"ut-deactivated-link\" href=\"#\"><div class=\"ut-animated-image-zoom\"><img loading=\"lazy\" decoding=\"async\" class=\"ut-lazy skip-lazy ut-animated-image \"  id=\"ut_am_69f287180f002\" src=\"data:image\/svg+xml;charset=utf-8,%3Csvg xmlns%3D'http%3A%2F%2Fwww.w3.org%2F2000%2Fsvg' viewBox%3D'0 0 1890 1051'%2F%3E\" data-src=\"https:\/\/www.dilliesvideo.com\/wp-content\/uploads\/2022\/03\/Logos-clients-DV-V6-1.jpg\" width=\"1890\" height=\"1051\" alt=\"\"\/><\/div><\/a><\/div><\/div><\/div>[\/vc_column][\/vc_row]<\/p>\n","protected":false},"excerpt":{"rendered":"<p>[vc_row full_width=\u00a0\u00bbstretch_row_content\u00a0\u00bb bklyn_section_anchor=\u00a0\u00bbtrue\u00a0\u00bb css=\u00a0\u00bb.vc_custom_1477932937851{margin-bottom: 0px !important;padding-top: 120px !important;padding-bottom: 0px !important;background-color: #090909 !important;}\u00a0\u00bb bklyn_section_anchor_id=\u00a0\u00bbAbout Brooklyn\u00a0\u00bb][vc_column css=\u00a0\u00bb.vc_custom_1477390682192{padding-top: 0px !important;}\u00a0\u00bb][vc_row_inner css=\u00a0\u00bb.vc_custom_1477586581339{padding-top: 0px !important;}\u00a0\u00bb][vc_column_inner css=\u00a0\u00bb.vc_custom_1477586586610{padding-top: 0px !important;}\u00a0\u00bb][\/vc_column_inner][\/vc_row_inner][vc_row_inner][vc_column_inner delay=\u00a0\u00bbtrue\u00a0\u00bb effect=\u00a0\u00bbfadeInLeft\u00a0\u00bb delay_timer=\u00a0\u00bb200&Prime;][\/vc_column_inner][\/vc_row_inner][\/vc_column][\/vc_row][vc_row bklyn_section_anchor=\u00a0\u00bbtrue\u00a0\u00bb css=\u00a0\u00bb.vc_custom_1477960456411{padding-top: 120px !important;padding-bottom: 80px !important;background-color: #090909 !important;}\u00a0\u00bb bklyn_section_anchor_id=\u00a0\u00bbClients\u00a0\u00bb][vc_column css=\u00a0\u00bb.vc_custom_1477491736456{padding-top: 0px !important;}\u00a0\u00bb][\/vc_column][\/vc_row]<\/p>\n","protected":false},"author":1,"featured_media":0,"parent":0,"menu_order":0,"comment_status":"closed","ping_status":"closed","template":"","meta":{"footnotes":""},"class_list":["post-4161","page","type-page","status-publish","hentry"],"_links":{"self":[{"href":"https:\/\/www.dilliesvideo.com\/index.php?rest_route=\/wp\/v2\/pages\/4161","targetHints":{"allow":["GET"]}}],"collection":[{"href":"https:\/\/www.dilliesvideo.com\/index.php?rest_route=\/wp\/v2\/pages"}],"about":[{"href":"https:\/\/www.dilliesvideo.com\/index.php?rest_route=\/wp\/v2\/types\/page"}],"author":[{"embeddable":true,"href":"https:\/\/www.dilliesvideo.com\/index.php?rest_route=\/wp\/v2\/users\/1"}],"replies":[{"embeddable":true,"href":"https:\/\/www.dilliesvideo.com\/index.php?rest_route=%2Fwp%2Fv2%2Fcomments&post=4161"}],"version-history":[{"count":79,"href":"https:\/\/www.dilliesvideo.com\/index.php?rest_route=\/wp\/v2\/pages\/4161\/revisions"}],"predecessor-version":[{"id":4986,"href":"https:\/\/www.dilliesvideo.com\/index.php?rest_route=\/wp\/v2\/pages\/4161\/revisions\/4986"}],"wp:attachment":[{"href":"https:\/\/www.dilliesvideo.com\/index.php?rest_route=%2Fwp%2Fv2%2Fmedia&parent=4161"}],"curies":[{"name":"wp","href":"https:\/\/api.w.org\/{rel}","templated":true}]}}